
{"id":56,"date":"2012-01-31T08:45:17","date_gmt":"2012-01-31T08:45:17","guid":{"rendered":"http:\/\/190.120.228.92\/neptune\/?page_id=56"},"modified":"2016-01-18T21:35:37","modified_gmt":"2016-01-18T21:35:37","slug":"archive","status":"publish","type":"page","link":"https:\/\/www.lejournalduforkane.com\/index.php\/archive\/","title":{"rendered":"Dossiers"},"content":{"rendered":"<div class=\"menu-menu-dossiers-container\"><ul id=\"menu-menu-dossiers\" class=\"menu\"><li id=\"menu-item-9971\" class=\"menu-item menu-item-type-taxonomy menu-item-object-category menu-item-9971\"><a href=\"https:\/\/www.lejournalduforkane.com\/index.php\/category\/articles-divers\/\">ARTICLES<\/a><\/li>\n<li id=\"menu-item-9968\" class=\"menu-item menu-item-type-taxonomy menu-item-object-category menu-item-9968\"><a href=\"https:\/\/www.lejournalduforkane.com\/index.php\/category\/dernieres-nouvelles\/\">Derni\u00e8res Nouvelles<\/a><\/li>\n<li id=\"menu-item-24309\" class=\"menu-item menu-item-type-taxonomy menu-item-object-category menu-item-24309\"><a href=\"https:\/\/www.lejournalduforkane.com\/index.php\/category\/coronavirus\/\">CORONAVIRUS<\/a><\/li>\n<li id=\"menu-item-21852\" class=\"menu-item menu-item-type-taxonomy menu-item-object-category menu-item-21852\"><a href=\"https:\/\/www.lejournalduforkane.com\/index.php\/category\/video\/\">Vid\u00e9o<\/a><\/li>\n<li id=\"menu-item-21842\" class=\"menu-item menu-item-type-custom menu-item-object-custom menu-item-21842\"><a href=\"https:\/\/www.lejournalduforkane.com\/index.php\/tout-sur-la-syrie\/\">La Syrie<\/a><\/li>\n<li id=\"menu-item-21851\" class=\"menu-item menu-item-type-taxonomy menu-item-object-category menu-item-21851\"><a href=\"https:\/\/www.lejournalduforkane.com\/index.php\/category\/lirak\/\">L&rsquo;Irak<\/a><\/li>\n<li id=\"menu-item-21845\" class=\"menu-item menu-item-type-taxonomy menu-item-object-category menu-item-21845\"><a href=\"https:\/\/www.lejournalduforkane.com\/index.php\/category\/guerre-du-yemen\/\">Le Y\u00e9men<\/a><\/li>\n<li id=\"menu-item-21865\" class=\"menu-item menu-item-type-taxonomy menu-item-object-category menu-item-21865\"><a href=\"https:\/\/www.lejournalduforkane.com\/index.php\/category\/la-palestine-occupee\/\">La Palestine<\/a><\/li>\n<li id=\"menu-item-21848\" class=\"menu-item menu-item-type-taxonomy menu-item-object-category menu-item-21848\"><a href=\"https:\/\/www.lejournalduforkane.com\/index.php\/category\/liran\/\">L&rsquo;Iran<\/a><\/li>\n<li id=\"menu-item-21850\" class=\"menu-item menu-item-type-taxonomy menu-item-object-category menu-item-21850\"><a href=\"https:\/\/www.lejournalduforkane.com\/index.php\/category\/les-revolutions-du-bahrein\/\">Le Bahre\u00efn<\/a><\/li>\n<li id=\"menu-item-21866\" class=\"menu-item menu-item-type-taxonomy menu-item-object-category menu-item-21866\"><a href=\"https:\/\/www.lejournalduforkane.com\/index.php\/category\/larabie-saoudite\/\">L&rsquo;Arabie Saoudite<\/a><\/li>\n<li id=\"menu-item-21869\" class=\"menu-item menu-item-type-taxonomy menu-item-object-category menu-item-21869\"><a href=\"https:\/\/www.lejournalduforkane.com\/index.php\/category\/le-maghreb\/\">Le Maghreb<\/a><\/li>\n<li id=\"menu-item-21847\" class=\"menu-item menu-item-type-taxonomy menu-item-object-category menu-item-21847\"><a href=\"https:\/\/www.lejournalduforkane.com\/index.php\/category\/la-turquie-sera-detruite-1\/\">La Turquie<\/a><\/li>\n<li id=\"menu-item-21868\" class=\"menu-item menu-item-type-taxonomy menu-item-object-category menu-item-21868\"><a href=\"https:\/\/www.lejournalduforkane.com\/index.php\/category\/afghanistan-pakistan\/\">Afghanistan \/ Pakistan<\/a><\/li>\n<li id=\"menu-item-21867\" class=\"menu-item menu-item-type-taxonomy menu-item-object-category menu-item-21867\"><a href=\"https:\/\/www.lejournalduforkane.com\/index.php\/category\/musulmans-du-myanmar\/\">Musulmans du Myanmar<\/a><\/li>\n<li id=\"menu-item-21849\" class=\"menu-item menu-item-type-taxonomy menu-item-object-category menu-item-21849\"><a href=\"https:\/\/www.lejournalduforkane.com\/index.php\/category\/afrique\/\">Afrique<\/a><\/li>\n<li id=\"menu-item-9984\" class=\"menu-item menu-item-type-taxonomy menu-item-object-category menu-item-9984\"><a href=\"https:\/\/www.lejournalduforkane.com\/index.php\/category\/le-liban\/\">Liban<\/a><\/li>\n<li id=\"menu-item-9977\" class=\"menu-item menu-item-type-taxonomy menu-item-object-category menu-item-9977\"><a href=\"https:\/\/www.lejournalduforkane.com\/index.php\/category\/le-mahdi\/\">Le Mahdi<\/a><\/li>\n<li id=\"menu-item-10495\" class=\"menu-item menu-item-type-taxonomy menu-item-object-category menu-item-10495\"><a href=\"https:\/\/www.lejournalduforkane.com\/index.php\/category\/galerie-photo\/\">Galerie photo<\/a><\/li>\n<li id=\"menu-item-9976\" class=\"menu-item menu-item-type-taxonomy menu-item-object-category menu-item-9976\"><a href=\"https:\/\/www.lejournalduforkane.com\/index.php\/category\/nos-livres\/\">Livres en T\u00e9l\u00e9chargement Gratuit<\/a><\/li>\n<li id=\"menu-item-25089\" class=\"menu-item menu-item-type-taxonomy menu-item-object-category menu-item-25089\"><a href=\"https:\/\/www.lejournalduforkane.com\/index.php\/category\/contre-les-salafistes-2\/\">Contre les Salafistes<\/a><\/li>\n<li id=\"menu-item-25090\" class=\"menu-item menu-item-type-taxonomy menu-item-object-category menu-item-25090\"><a href=\"https:\/\/www.lejournalduforkane.com\/index.php\/category\/le-fleau-salafiste\/\">Le fl\u00e9au salafiste<\/a><\/li>\n<li id=\"menu-item-25091\" class=\"menu-item menu-item-type-taxonomy menu-item-object-category menu-item-25091\"><a href=\"https:\/\/www.lejournalduforkane.com\/index.php\/category\/contre-le-salafisme\/\">LE DANGER DU SALAFISME<\/a><\/li>\n<li id=\"menu-item-25092\" class=\"menu-item menu-item-type-taxonomy menu-item-object-category menu-item-25092\"><a href=\"https:\/\/www.lejournalduforkane.com\/index.php\/category\/articles\/\">ARTICLES sp<\/a><\/li>\n<li id=\"menu-item-25093\" class=\"menu-item menu-item-type-taxonomy menu-item-object-category menu-item-25093\"><a href=\"https:\/\/www.lejournalduforkane.com\/index.php\/category\/la-secte-satanique-des-salafistes\/\">La secte satanique des salafistes<\/a><\/li>\n<\/ul><\/div>\n","protected":false},"excerpt":{"rendered":"ARTICLES Derni\u00e8res Nouvelles CORONAVIRUS Vid\u00e9o La Syrie L&rsquo;Irak Le Y\u00e9men La Palestine L&rsquo;Iran Le Bahre\u00efn L&rsquo;Arabie Saoudite Le Maghreb La Turquie Afghanistan \/ Pakistan Musulmans du Myanmar Afrique Liban Le","protected":false},"author":2,"featured_media":0,"parent":0,"menu_order":0,"comment_status":"open","ping_status":"closed","template":"","meta":[],"_links":{"self":[{"href":"https:\/\/www.lejournalduforkane.com\/index.php\/wp-json\/wp\/v2\/pages\/56"}],"collection":[{"href":"https:\/\/www.lejournalduforkane.com\/index.php\/wp-json\/wp\/v2\/pages"}],"about":[{"href":"https:\/\/www.lejournalduforkane.com\/index.php\/wp-json\/wp\/v2\/types\/page"}],"author":[{"embeddable":true,"href":"https:\/\/www.lejournalduforkane.com\/index.php\/wp-json\/wp\/v2\/users\/2"}],"replies":[{"embeddable":true,"href":"https:\/\/www.lejournalduforkane.com\/index.php\/wp-json\/wp\/v2\/comments?post=56"}],"version-history":[{"count":1,"href":"https:\/\/www.lejournalduforkane.com\/index.php\/wp-json\/wp\/v2\/pages\/56\/revisions"}],"predecessor-version":[{"id":8202,"href":"https:\/\/www.lejournalduforkane.com\/index.php\/wp-json\/wp\/v2\/pages\/56\/revisions\/8202"}],"wp:attachment":[{"href":"https:\/\/www.lejournalduforkane.com\/index.php\/wp-json\/wp\/v2\/media?parent=56"}],"curies":[{"name":"wp","href":"https:\/\/api.w.org\/{rel}","templated":true}]}}