{"id":120,"date":"2020-02-17T20:17:18","date_gmt":"2020-02-17T19:17:18","guid":{"rendered":"http:\/\/www.lejournalduforkane.com\/librairieForkane\/?post_type=product&#038;p=120"},"modified":"2020-02-17T20:17:41","modified_gmt":"2020-02-17T19:17:41","slug":"le-mariage-temporaire","status":"publish","type":"product","link":"https:\/\/www.lejournalduforkane.com\/librairieForkane\/index.php\/produit\/le-mariage-temporaire\/","title":{"rendered":"LE MARIAGE TEMPORAIRE"},"content":{"rendered":"<p>Toutes les r\u00e9f\u00e9rences dans la Sunnah du Proph\u00e8te Mohammad P concernant le mariage temporaire. Source Sunnite : Sahih Boukhari Edition Al Qalam, Sahih Muslim Edition Darussalam &amp; Edition Al Biruni + (Tafsir) Exeg\u00e8se du Coran &#8211; IBN Kathir &#8230;<\/p>\n","protected":false},"excerpt":{"rendered":"<p>Toutes les r\u00e9f\u00e9rences dans la Sunnah du Proph\u00e8te Mohammad P concernant le mariage temporaire. Source Sunnite : Sahih Boukhari Edition Al Qalam, Sahih Muslim Edition Darussalam &amp; Edition Al Biruni + (Tafsir) Exeg\u00e8se du Coran &#8211; IBN Kathir &#8230;<\/p>\n","protected":false},"featured_media":121,"comment_status":"closed","ping_status":"closed","template":"","meta":[],"_links":{"self":[{"href":"https:\/\/www.lejournalduforkane.com\/librairieForkane\/index.php\/wp-json\/wp\/v2\/product\/120"}],"collection":[{"href":"https:\/\/www.lejournalduforkane.com\/librairieForkane\/index.php\/wp-json\/wp\/v2\/product"}],"about":[{"href":"https:\/\/www.lejournalduforkane.com\/librairieForkane\/index.php\/wp-json\/wp\/v2\/types\/product"}],"replies":[{"embeddable":true,"href":"https:\/\/www.lejournalduforkane.com\/librairieForkane\/index.php\/wp-json\/wp\/v2\/comments?post=120"}],"wp:featuredmedia":[{"embeddable":true,"href":"https:\/\/www.lejournalduforkane.com\/librairieForkane\/index.php\/wp-json\/wp\/v2\/media\/121"}],"wp:attachment":[{"href":"https:\/\/www.lejournalduforkane.com\/librairieForkane\/index.php\/wp-json\/wp\/v2\/media?parent=120"}],"curies":[{"name":"wp","href":"https:\/\/api.w.org\/{rel}","templated":true}]}}