{"id":122,"date":"2020-02-17T20:23:32","date_gmt":"2020-02-17T19:23:32","guid":{"rendered":"http:\/\/www.lejournalduforkane.com\/librairieForkane\/?post_type=product&#038;p=122"},"modified":"2020-02-17T20:24:00","modified_gmt":"2020-02-17T19:24:00","slug":"les-fatwas-simplifiees","status":"publish","type":"product","link":"https:\/\/www.lejournalduforkane.com\/librairieForkane\/index.php\/produit\/les-fatwas-simplifiees\/","title":{"rendered":"LES FATWAS SIMPLIFI\u00c9ES"},"content":{"rendered":"<p>Au nom de Dieu, Le Cl\u00e9ment et Le Mis\u00e9ricordieux<br \/>\nLouange \u00e0 Dieu, Seigneur de l&rsquo;univers, que la paix soit sur la meilleure de Ses cr\u00e9atures, Muhammad et sur sa b\u00e9nite famille.<\/p>\n<p>Cet exemplaire de l&rsquo;\u00e9p\u00eetre al-fat\u00e2w1 al-muyassara est, selon le t\u00e9moignage de tous ceux dont nous croyons \u00e0 leurs t\u00e9moignages, conforme \u00e0 nos fatwas. Par cons\u00e9quent, celui qui agit selon les fatwas de cet \u00e9p\u00eetre est r\u00e9compens\u00e9 et se d\u00e9gage de toute responsabilit\u00e9 par la volont\u00e9 de Dieu.<\/p>\n","protected":false},"excerpt":{"rendered":"<p>Au nom de Dieu, Le Cl\u00e9ment et Le Mis\u00e9ricordieux Louange \u00e0 Dieu, Seigneur de l&rsquo;univers, que la paix soit sur la meilleure de Ses cr\u00e9atures, Muhammad et sur sa b\u00e9nite famille. Cet exemplaire de l&rsquo;\u00e9p\u00eetre al-fat\u00e2w1 al-muyassara est, selon le t\u00e9moignage de tous ceux dont nous croyons \u00e0 leurs t\u00e9moignages, conforme \u00e0 nos fatwas. Par [&hellip;]<\/p>\n","protected":false},"featured_media":123,"comment_status":"closed","ping_status":"closed","template":"","meta":[],"_links":{"self":[{"href":"https:\/\/www.lejournalduforkane.com\/librairieForkane\/index.php\/wp-json\/wp\/v2\/product\/122"}],"collection":[{"href":"https:\/\/www.lejournalduforkane.com\/librairieForkane\/index.php\/wp-json\/wp\/v2\/product"}],"about":[{"href":"https:\/\/www.lejournalduforkane.com\/librairieForkane\/index.php\/wp-json\/wp\/v2\/types\/product"}],"replies":[{"embeddable":true,"href":"https:\/\/www.lejournalduforkane.com\/librairieForkane\/index.php\/wp-json\/wp\/v2\/comments?post=122"}],"wp:featuredmedia":[{"embeddable":true,"href":"https:\/\/www.lejournalduforkane.com\/librairieForkane\/index.php\/wp-json\/wp\/v2\/media\/123"}],"wp:attachment":[{"href":"https:\/\/www.lejournalduforkane.com\/librairieForkane\/index.php\/wp-json\/wp\/v2\/media?parent=122"}],"curies":[{"name":"wp","href":"https:\/\/api.w.org\/{rel}","templated":true}]}}