{"id":83,"date":"2020-02-13T21:52:22","date_gmt":"2020-02-13T20:52:22","guid":{"rendered":"http:\/\/www.lejournalduforkane.com\/librairieForkane\/?p=83"},"modified":"2020-02-17T19:50:49","modified_gmt":"2020-02-17T18:50:49","slug":"alexendrins","status":"publish","type":"product","link":"https:\/\/www.lejournalduforkane.com\/librairieForkane\/index.php\/produit\/alexendrins\/","title":{"rendered":"ALEXANDRINS"},"content":{"rendered":"<p>Lisez de la po\u00e9sie et d\u00e9couvrez un grand nombre de <em>po\u00e8mes<\/em>\u00a0en\u00a0<em>alexandrins<\/em><\/p>\n","protected":false},"excerpt":{"rendered":"<p>Lisez de la po\u00e9sie et d\u00e9couvrez un grand nombre de po\u00e8mes\u00a0en\u00a0alexandrins<\/p>\n","protected":false},"featured_media":17,"comment_status":"open","ping_status":"closed","template":"","meta":[],"_links":{"self":[{"href":"https:\/\/www.lejournalduforkane.com\/librairieForkane\/index.php\/wp-json\/wp\/v2\/product\/83"}],"collection":[{"href":"https:\/\/www.lejournalduforkane.com\/librairieForkane\/index.php\/wp-json\/wp\/v2\/product"}],"about":[{"href":"https:\/\/www.lejournalduforkane.com\/librairieForkane\/index.php\/wp-json\/wp\/v2\/types\/product"}],"replies":[{"embeddable":true,"href":"https:\/\/www.lejournalduforkane.com\/librairieForkane\/index.php\/wp-json\/wp\/v2\/comments?post=83"}],"wp:featuredmedia":[{"embeddable":true,"href":"https:\/\/www.lejournalduforkane.com\/librairieForkane\/index.php\/wp-json\/wp\/v2\/media\/17"}],"wp:attachment":[{"href":"https:\/\/www.lejournalduforkane.com\/librairieForkane\/index.php\/wp-json\/wp\/v2\/media?parent=83"}],"curies":[{"name":"wp","href":"https:\/\/api.w.org\/{rel}","templated":true}]}}