{"id":84,"date":"2020-02-13T21:52:22","date_gmt":"2020-02-13T20:52:22","guid":{"rendered":"http:\/\/www.lejournalduforkane.com\/librairieForkane\/?p=84"},"modified":"2024-07-01T22:13:57","modified_gmt":"2024-07-01T20:13:57","slug":"hoodie","status":"publish","type":"product","link":"https:\/\/www.lejournalduforkane.com\/librairieForkane\/index.php\/produit\/hoodie\/","title":{"rendered":"LES PROPH\u00c8TES"},"content":{"rendered":"<p>D\u00e9couvrez les histoires des proph\u00e8tes.<\/p>\n","protected":false},"excerpt":{"rendered":"<p>D\u00e9couvrez les histoires des proph\u00e8tes.<\/p>\n","protected":false},"featured_media":18,"comment_status":"open","ping_status":"closed","template":"","meta":[],"_links":{"self":[{"href":"https:\/\/www.lejournalduforkane.com\/librairieForkane\/index.php\/wp-json\/wp\/v2\/product\/84"}],"collection":[{"href":"https:\/\/www.lejournalduforkane.com\/librairieForkane\/index.php\/wp-json\/wp\/v2\/product"}],"about":[{"href":"https:\/\/www.lejournalduforkane.com\/librairieForkane\/index.php\/wp-json\/wp\/v2\/types\/product"}],"replies":[{"embeddable":true,"href":"https:\/\/www.lejournalduforkane.com\/librairieForkane\/index.php\/wp-json\/wp\/v2\/comments?post=84"}],"wp:featuredmedia":[{"embeddable":true,"href":"https:\/\/www.lejournalduforkane.com\/librairieForkane\/index.php\/wp-json\/wp\/v2\/media\/18"}],"wp:attachment":[{"href":"https:\/\/www.lejournalduforkane.com\/librairieForkane\/index.php\/wp-json\/wp\/v2\/media?parent=84"}],"curies":[{"name":"wp","href":"https:\/\/api.w.org\/{rel}","templated":true}]}}